{"id":347,"date":"2024-07-13T03:41:22","date_gmt":"2024-07-13T03:41:22","guid":{"rendered":"https:\/\/www.glendronachdistillery.com\/?post_type=product&#038;p=347"},"modified":"2024-11-04T13:18:43","modified_gmt":"2024-11-04T13:18:43","slug":"aged-18-years","status":"publish","type":"product","link":"https:\/\/www.glendronachdistillery.com\/de-de\/product\/aged-18-years\/","title":{"rendered":"Gereift 18 Jahre"},"content":{"rendered":"\n<section class=\"wp-block-cover alignfull is-light pattern product-hero is-style-default\" style=\"margin-top:0;margin-bottom:0\"><span aria-hidden=\"true\" class=\"wp-block-cover__background has-beige-background-color has-background-dim-100 has-background-dim\"><\/span><div class=\"wp-block-cover__inner-container has-global-padding is-layout-constrained wp-block-cover-is-layout-constrained\">\n<div class=\"wp-block-columns alignwide is-layout-flex wp-container-core-columns-is-layout-28f84493 wp-block-columns-is-layout-flex\">\n<div class=\"wp-block-column is-vertically-aligned-center is-layout-flow wp-block-column-is-layout-flow\">\n<h1 class=\"wp-block-heading is-style-default has-secondary-font-family has-small-font-size\" style=\"font-style:normal;font-weight:600;letter-spacing:3px\">Flagship WhiskYs<\/h1>\n\n\n\n<h2 class=\"wp-block-heading is-style-headline has-maroon-color has-text-color has-link-color has-xxx-large-font-size has-animation wp-elements-b483a3fe4d8b0bda6814963a120856a6\" style=\"font-style:normal;font-weight:400\" data-animation-duration=\"1\" data-animation-delay=\"0\" data-animation-ease=\"power2.inOut\" data-animation-x=\"0\" data-animation-y=\"100\" data-animation-x-percent=\"0\" data-animation-y-percent=\"0\" data-animation-scale=\"1\" data-animation-scale-x=\"1\" data-animation-scale-y=\"1\" data-animation-rotation=\"0\" data-animation-skew=\"0\" data-animation-skew-x=\"0\" data-animation-skew-y=\"0\" data-animation-opacity=\"0\" data-animation-auto-alpha=\"0\" data-animation-repeat=\"0\" data-animation-yoyo=\"false\" data-scroll-trigger=\"true\" data-scroll-trigger-start=\"top bottom\" data-scroll-trigger-end=\"bottom top\" data-scroll-trigger-toggle-actions=\"play none none none\" data-scroll-trigger-start-offset=\"0\"><sub>Gereift<\/sub> <em>18 Jahre<\/em><\/h2>\n\n\n\n<p class=\"has-text-align-left has-lg-font-size has-animation\" data-animation-duration=\"1\" data-animation-delay=\"1\" data-animation-ease=\"power1.inOut\" data-animation-x=\"0\" data-animation-y=\"0\" data-animation-x-percent=\"0\" data-animation-y-percent=\"0\" data-animation-scale=\"1\" data-animation-scale-x=\"1\" data-animation-scale-y=\"1\" data-animation-rotation=\"0\" data-animation-skew=\"0\" data-animation-skew-x=\"0\" data-animation-skew-y=\"0\" data-animation-opacity=\"0\" data-animation-auto-alpha=\"0\" data-animation-repeat=\"0\" data-animation-yoyo=\"false\" data-scroll-trigger=\"true\" data-scroll-trigger-start=\"top bottom\" data-scroll-trigger-end=\"bottom top\" data-scroll-trigger-toggle-actions=\"play none none none\" data-scroll-trigger-start-offset=\"0\">Dieser in feinen Oloroso-Sherry-F\u00e4ssern aus Andalusien in Spanien gereifte Highland Single Malt Scotch Whisky ist reich an Sherrys und zeigt eine exquisite Komplexit\u00e4t mit dunklem Sirup, Piment und Walnuss, die sich bis in den langen, anhaltenden Abgang fortsetzen. Von Whisky-Kennern wird er oft als die \u201eultimative Sherry-Bombe\u201c bezeichnet.<\/p>\n\n\n\n<p class=\"has-charcoal-color has-text-color has-link-color has-large-font-size has-animation wp-elements-b081932626afae582a183965359c638c\" style=\"text-transform:uppercase\" data-animation-duration=\"1\" data-animation-delay=\"1\" data-animation-ease=\"power1.inOut\" data-animation-x=\"0\" data-animation-y=\"0\" data-animation-x-percent=\"0\" data-animation-y-percent=\"0\" data-animation-scale=\"1\" data-animation-scale-x=\"1\" data-animation-scale-y=\"1\" data-animation-rotation=\"0\" data-animation-skew=\"0\" data-animation-skew-x=\"0\" data-animation-skew-y=\"0\" data-animation-opacity=\"0\" data-animation-auto-alpha=\"0\" data-animation-repeat=\"0\" data-animation-yoyo=\"false\" data-scroll-trigger=\"true\" data-scroll-trigger-start=\"top bottom\" data-scroll-trigger-end=\"bottom top\" data-scroll-trigger-toggle-actions=\"play none none none\" data-scroll-trigger-start-offset=\"0\">OLOROSO<\/p>\n<\/div>\n\n\n\n<div class=\"wp-block-column is-vertically-aligned-center is-layout-flow wp-block-column-is-layout-flow\">\n<figure class=\"wp-block-image aligncenter size-full is-resized has-animation\" data-animation-duration=\"2\" data-animation-delay=\"0\" data-animation-ease=\"power2.inOut\" data-animation-x=\"-100\" data-animation-y=\"0\" data-animation-x-percent=\"0\" data-animation-y-percent=\"0\" data-animation-scale=\"1\" data-animation-scale-x=\"1\" data-animation-scale-y=\"1\" data-animation-rotation=\"0\" data-animation-skew=\"0\" data-animation-skew-x=\"0\" data-animation-skew-y=\"0\" data-animation-opacity=\"0\" data-animation-auto-alpha=\"0\" data-animation-repeat=\"0\" data-animation-yoyo=\"false\" data-scroll-trigger=\"true\" data-scroll-trigger-start=\"top bottom\" data-scroll-trigger-end=\"bottom top\" data-scroll-trigger-toggle-actions=\"play none none none\" data-scroll-trigger-start-offset=\"0\"><img loading=\"lazy\" decoding=\"async\" width=\"790\" height=\"1352\" src=\"https:\/\/www.glendronachdistillery.com\/de-de\/wp-content\/uploads\/sites\/2\/2024\/07\/18YO-Bottle-and-Package.png\" alt=\"Scotch whisky, aged 18 years\" class=\"wp-image-392\" style=\"width:300px\" srcset=\"https:\/\/www.glendronachdistillery.com\/de-de\/wp-content\/uploads\/sites\/2\/2024\/07\/18YO-Bottle-and-Package.png 790w, https:\/\/www.glendronachdistillery.com\/de-de\/wp-content\/uploads\/sites\/2\/2024\/07\/18YO-Bottle-and-Package-175x300.png 175w, https:\/\/www.glendronachdistillery.com\/de-de\/wp-content\/uploads\/sites\/2\/2024\/07\/18YO-Bottle-and-Package-598x1024.png 598w, https:\/\/www.glendronachdistillery.com\/de-de\/wp-content\/uploads\/sites\/2\/2024\/07\/18YO-Bottle-and-Package-768x1314.png 768w\" sizes=\"auto, (max-width: 790px) 100vw, 790px\" \/><\/figure>\n<\/div>\n<\/div>\n<\/div><\/section>\n\n\n\n<section class=\"wp-block-cover alignfull is-light pattern cards-1\" style=\"margin-top:0;margin-bottom:0\"><span aria-hidden=\"true\" class=\"wp-block-cover__background has-beige-background-color has-background-dim-100 has-background-dim\"><\/span><div class=\"wp-block-cover__inner-container has-global-padding is-layout-constrained wp-block-cover-is-layout-constrained\">\n<h2 class=\"wp-block-heading has-text-align-left is-style-headline has-charcoal-color has-text-color has-link-color has-xxx-large-font-size wp-elements-e76890cb582c42311934fc0e4785777d\" style=\"font-style:normal;font-weight:400\"><sub>Tasting<\/sub> <em>Notes<\/em><\/h2>\n\n\n\n<div class=\"wp-block-columns is-layout-flex wp-container-core-columns-is-layout-28f84493 wp-block-columns-is-layout-flex\">\n<div class=\"wp-block-column is-vertically-aligned-stretch has-taupe-background-color has-background has-animation is-layout-flow wp-block-column-is-layout-flow\" data-animation-duration=\"1\" data-animation-delay=\"0\" data-animation-ease=\"power2.inOut\" data-animation-x=\"0\" data-animation-y=\"100\" data-animation-x-percent=\"0\" data-animation-y-percent=\"0\" data-animation-scale=\"1\" data-animation-scale-x=\"1\" data-animation-scale-y=\"1\" data-animation-rotation=\"0\" data-animation-skew=\"0\" data-animation-skew-x=\"0\" data-animation-skew-y=\"0\" data-animation-opacity=\"0\" data-animation-auto-alpha=\"0\" data-animation-repeat=\"0\" data-animation-yoyo=\"false\" data-scroll-trigger=\"true\" data-scroll-trigger-start=\"top bottom\" data-scroll-trigger-end=\"bottom top\" data-scroll-trigger-toggle-actions=\"play none none none\" data-scroll-trigger-start-offset=\"0\">\n<h3 class=\"wp-block-heading has-text-align-center has-charcoal-color has-text-color has-link-color has-secondary-font-family has-large-font-size wp-elements-b841e7249a1a150dbff0b15f43e417d7\" style=\"letter-spacing:10px\">Farbe<\/h3>\n\n\n\n<p class=\"has-text-align-center\">Antike Bronze mit bernsteinfarbenem Schimmer.<\/p>\n<\/div>\n\n\n\n<div class=\"wp-block-column is-vertically-aligned-stretch has-taupe-background-color has-background has-animation is-layout-flow wp-block-column-is-layout-flow\" data-animation-duration=\"1\" data-animation-delay=\"0\" data-animation-ease=\"power2.inOut\" data-animation-x=\"0\" data-animation-y=\"100\" data-animation-x-percent=\"0\" data-animation-y-percent=\"0\" data-animation-scale=\"1\" data-animation-scale-x=\"1\" data-animation-scale-y=\"1\" data-animation-rotation=\"0\" data-animation-skew=\"0\" data-animation-skew-x=\"0\" data-animation-skew-y=\"0\" data-animation-opacity=\"0\" data-animation-auto-alpha=\"0\" data-animation-repeat=\"0\" data-animation-yoyo=\"false\" data-scroll-trigger=\"true\" data-scroll-trigger-start=\"top bottom\" data-scroll-trigger-end=\"bottom top\" data-scroll-trigger-toggle-actions=\"play none none none\" data-scroll-trigger-start-offset=\"0\">\n<h3 class=\"wp-block-heading has-text-align-center has-charcoal-color has-text-color has-link-color has-secondary-font-family has-large-font-size wp-elements-f5bebb5a9c343df0150e2f8ca535f4b1\" style=\"letter-spacing:10px\">aroma<\/h3>\n\n\n\n<p class=\"has-text-align-center\">Tiefe Aromen von Karamell und dunklem Muscovado-Zucker. Fruchtkompott und Sauerkirschen sorgen f\u00fcr zus\u00e4tzliche Komplexit\u00e4t.<\/p>\n<\/div>\n\n\n\n<div class=\"wp-block-column is-vertically-aligned-stretch has-taupe-background-color has-background has-animation is-layout-flow wp-block-column-is-layout-flow\" data-animation-duration=\"1\" data-animation-delay=\"0\" data-animation-ease=\"power2.inOut\" data-animation-x=\"0\" data-animation-y=\"100\" data-animation-x-percent=\"0\" data-animation-y-percent=\"0\" data-animation-scale=\"1\" data-animation-scale-x=\"1\" data-animation-scale-y=\"1\" data-animation-rotation=\"0\" data-animation-skew=\"0\" data-animation-skew-x=\"0\" data-animation-skew-y=\"0\" data-animation-opacity=\"0\" data-animation-auto-alpha=\"0\" data-animation-repeat=\"0\" data-animation-yoyo=\"false\" data-scroll-trigger=\"true\" data-scroll-trigger-start=\"top bottom\" data-scroll-trigger-end=\"bottom top\" data-scroll-trigger-toggle-actions=\"play none none none\" data-scroll-trigger-start-offset=\"0\">\n<h3 class=\"wp-block-heading has-text-align-center has-charcoal-color has-text-color has-link-color has-secondary-font-family has-large-font-size wp-elements-6bcaad68bd6b7771d1b6dd924371b6cc\" style=\"letter-spacing:10px\">Gaumen<\/h3>\n\n\n\n<p class=\"has-text-align-center\">Reichhaltig, dunkel und verf\u00fchrerisch. Bemerkenswerte Aromen von Kompott und Piment vereinen sich mit klassisch gereiftem Oloroso und ger\u00f6stetem Walnussbrot und Schokoladenorange.<\/p>\n<\/div>\n<\/div>\n<\/div><\/section>\n\n\n\n<section class=\"wp-block-cover alignfull is-light pattern media is-style-default\" style=\"margin-top:0;margin-bottom:0;padding-top:0;padding-bottom:0\"><span aria-hidden=\"true\" class=\"wp-block-cover__background has-beige-background-color has-background-dim-100 has-background-dim\"><\/span><div class=\"wp-block-cover__inner-container has-global-padding is-layout-constrained wp-container-core-cover-is-layout-e5e96139 wp-block-cover-is-layout-constrained\">\n<div class=\"wp-block-columns is-layout-flex wp-container-core-columns-is-layout-28f84493 wp-block-columns-is-layout-flex\">\n<div class=\"wp-block-column is-layout-flow wp-block-column-is-layout-flow\">\n<figure class=\"wp-block-embed is-type-video is-provider-vimeo wp-block-embed-vimeo wp-embed-aspect-16-9 wp-has-aspect-ratio has-animation\" data-animation-duration=\"2\" data-animation-delay=\"0\" data-animation-ease=\"power1.inOut\" data-animation-x=\"0\" data-animation-y=\"0\" data-animation-x-percent=\"0\" data-animation-y-percent=\"0\" data-animation-scale=\"1\" data-animation-scale-x=\"1\" data-animation-scale-y=\"1\" data-animation-rotation=\"0\" data-animation-skew=\"0\" data-animation-skew-x=\"0\" data-animation-skew-y=\"0\" data-animation-opacity=\"0\" data-animation-auto-alpha=\"0\" data-animation-repeat=\"0\" data-animation-yoyo=\"false\" data-scroll-trigger=\"true\" data-scroll-trigger-start=\"top bottom\" data-scroll-trigger-end=\"bottom top\" data-scroll-trigger-toggle-actions=\"play none none none\" data-scroll-trigger-start-offset=\"0\"><div class=\"wp-block-embed__wrapper\">\n<div class=\"video-wrapper\"><iframe loading=\"lazy\" src=\"https:\/\/player.vimeo.com\/video\/989100998?h=d5ca67bbad&amp;dnt=1&amp;app_id=122963\" width=\"500\" height=\"281\" frameborder=\"0\" allow=\"autoplay; fullscreen; picture-in-picture; clipboard-write\"><\/iframe><\/div>\n<\/div><\/figure>\n<\/div>\n<\/div>\n<\/div><\/section>\n\n\n\n<section class=\"wp-block-cover alignfull is-light pattern collections\" style=\"margin-top:0;margin-bottom:0\"><span aria-hidden=\"true\" class=\"wp-block-cover__background has-beige-background-color has-background-dim-100 has-background-dim\"><\/span><div class=\"wp-block-cover__inner-container has-global-padding is-layout-constrained wp-container-core-cover-is-layout-f4a42baa wp-block-cover-is-layout-constrained\">\n<div class=\"wp-block-columns is-layout-flex wp-container-core-columns-is-layout-28f84493 wp-block-columns-is-layout-flex\">\n<div class=\"wp-block-column has-global-padding is-layout-constrained wp-container-core-column-is-layout-648b1458 wp-block-column-is-layout-constrained\">\n<h2 class=\"wp-block-heading has-text-align-center is-style-subhead has-charcoal-color has-text-color has-link-color wp-elements-74e895e76bf98fee6cabb1ae7fe649a8\">Unsere Sammlung<\/h2>\n\n\n\n<h3 class=\"wp-block-heading has-text-align-center is-style-headline has-maroon-color has-text-color has-link-color has-huge-font-size has-animation wp-elements-083e582a3ca496a09bdfe3f81bb6b847\" data-animation-duration=\"1\" data-animation-delay=\"0\" data-animation-ease=\"power2.inOut\" data-animation-x=\"0\" data-animation-y=\"100\" data-animation-x-percent=\"0\" data-animation-y-percent=\"0\" data-animation-scale=\"1\" data-animation-scale-x=\"1\" data-animation-scale-y=\"1\" data-animation-rotation=\"0\" data-animation-skew=\"0\" data-animation-skew-x=\"0\" data-animation-skew-y=\"0\" data-animation-opacity=\"0\" data-animation-auto-alpha=\"0\" data-animation-repeat=\"0\" data-animation-yoyo=\"false\" data-scroll-trigger=\"true\" data-scroll-trigger-start=\"top bottom\" data-scroll-trigger-end=\"bottom top\" data-scroll-trigger-toggle-actions=\"play none none none\" data-scroll-trigger-start-offset=\"0\"><sub>Flagship<\/sub><em>Whiskys<\/em><\/h3>\n\n\n\n<p class=\"has-text-align-center has-animation\" data-animation-duration=\"1\" data-animation-delay=\"1\" data-animation-ease=\"power1.inOut\" data-animation-x=\"0\" data-animation-y=\"0\" data-animation-x-percent=\"0\" data-animation-y-percent=\"0\" data-animation-scale=\"1\" data-animation-scale-x=\"1\" data-animation-scale-y=\"1\" data-animation-rotation=\"0\" data-animation-skew=\"0\" data-animation-skew-x=\"0\" data-animation-skew-y=\"0\" data-animation-opacity=\"0\" data-animation-auto-alpha=\"0\" data-animation-repeat=\"0\" data-animation-yoyo=\"false\" data-scroll-trigger=\"true\" data-scroll-trigger-start=\"top bottom\" data-scroll-trigger-end=\"bottom top\" data-scroll-trigger-toggle-actions=\"play none none none\" data-scroll-trigger-start-offset=\"0\">Das Glendronach-Flagship-Portfolio an Highland Single Malt Scotch Whisky ist weltweit bekannt f\u00fcr seine exquisiten Single Malt-Expressionen, die ausschlie\u00dflich in seltenen Pedro Xim\u00e9nez- und Oloroso-Sherry-F\u00e4ssern gereift sind.<\/p>\n\n\n\n<figure class=\"wp-block-image size-full\"><img decoding=\"async\" src=\"https:\/\/www.glendronachdistillery.com\/de-de\/wp-content\/themes\/glendronach\/patterns\/images\/a-2.png\" alt=\"\" class=\"wp-image-137\"><\/figure>\n<\/div>\n<\/div>\n\n\n\n<div class=\"wp-block-columns is-layout-flex wp-container-core-columns-is-layout-28f84493 wp-block-columns-is-layout-flex\">\n<div class=\"wp-block-column is-layout-flow wp-block-column-is-layout-flow\">\n<div id=\"collections-block_49442bf61d0e6cd217d64799b84b38b1\" class=\"block collections\">\n\n      <div class=\"glide\">\n    <div class=\"glide__arrows\" data-glide-el=\"controls\">\n      <button class=\"glide__arrow glide__arrow--left\" data-glide-dir=\"&lt;\"><span\n          class=\"visually-hidden\">Previous<\/span><\/button>\n      <button class=\"glide__arrow glide__arrow--right\" data-glide-dir=\"&gt;\"><span\n          class=\"visually-hidden\">Next<\/span><\/button>\n    <\/div>\n    <div class=\"glide__track\" data-glide-el=\"track\">\n      <div class=\"glide__slides\">\n                <div class=\"glide__slide\">\n          <figure>\n                                    <img decoding=\"async\" src=\"https:\/\/www.glendronachdistillery.com\/de-de\/wp-content\/uploads\/sites\/2\/2024\/07\/GD_12YO-1-1.png\"\n              alt=\"Picture of Gereift 12 Jahre\">\n                      <\/figure>\n          <div class=\"content\">\n            <h4 class=\"title wp-block-heading has-maroon-color has-x-large-font-size\">\n              Gereift 12 Jahre            <\/h4>\n            <div\n              class=\"wp-block-buttons is-content-justification-center is-layout-flex wp-block-buttons-is-layout-flex\">\n              <div class=\"wp-block-button is-style-primary\">\n                <a class=\"wp-block-button__link has-charcoal-color has-text-color has-link-color wp-element-button\"\n                  href=\"https:\/\/www.glendronachdistillery.com\/de-de\/product\/aged-12-years\/\">Explore<\/a>\n              <\/div>\n            <\/div>\n          <\/div>\n        <\/div>\n                <div class=\"glide__slide\">\n          <figure>\n                                    <img decoding=\"async\" src=\"https:\/\/www.glendronachdistillery.com\/de-de\/wp-content\/uploads\/sites\/2\/2024\/07\/GD_18YO-2-2.png\"\n              alt=\"Picture of Gereift 18 Jahre\">\n                      <\/figure>\n          <div class=\"content\">\n            <h4 class=\"title wp-block-heading has-maroon-color has-x-large-font-size\">\n              Gereift 18 Jahre            <\/h4>\n            <div\n              class=\"wp-block-buttons is-content-justification-center is-layout-flex wp-block-buttons-is-layout-flex\">\n              <div class=\"wp-block-button is-style-primary\">\n                <a class=\"wp-block-button__link has-charcoal-color has-text-color has-link-color wp-element-button\"\n                  href=\"https:\/\/www.glendronachdistillery.com\/de-de\/product\/aged-18-years\/\">Explore<\/a>\n              <\/div>\n            <\/div>\n          <\/div>\n        <\/div>\n                <div class=\"glide__slide\">\n          <figure>\n                                    <img decoding=\"async\" src=\"https:\/\/www.glendronachdistillery.com\/de-de\/wp-content\/uploads\/sites\/2\/2024\/07\/GD_15YO-2-1.png\"\n              alt=\"Picture of Gereift 15 Jahre\">\n                      <\/figure>\n          <div class=\"content\">\n            <h4 class=\"title wp-block-heading has-maroon-color has-x-large-font-size\">\n              Gereift 15 Jahre            <\/h4>\n            <div\n              class=\"wp-block-buttons is-content-justification-center is-layout-flex wp-block-buttons-is-layout-flex\">\n              <div class=\"wp-block-button is-style-primary\">\n                <a class=\"wp-block-button__link has-charcoal-color has-text-color has-link-color wp-element-button\"\n                  href=\"https:\/\/www.glendronachdistillery.com\/de-de\/product\/aged-15-years\/\">Explore<\/a>\n              <\/div>\n            <\/div>\n          <\/div>\n        <\/div>\n              <\/div>\n    <\/div>\n  <\/div>\n    \n<\/div><\/div>\n<\/div>\n<\/div><\/section>\n","protected":false},"excerpt":{"rendered":"","protected":false},"featured_media":837,"template":"","meta":{"_acf_changed":false},"class_list":["post-347","product","type-product","status-publish","has-post-thumbnail","hentry"],"acf":[],"_links":{"self":[{"href":"https:\/\/www.glendronachdistillery.com\/de-de\/wp-json\/wp\/v2\/product\/347","targetHints":{"allow":["GET"]}}],"collection":[{"href":"https:\/\/www.glendronachdistillery.com\/de-de\/wp-json\/wp\/v2\/product"}],"about":[{"href":"https:\/\/www.glendronachdistillery.com\/de-de\/wp-json\/wp\/v2\/types\/product"}],"wp:featuredmedia":[{"embeddable":true,"href":"https:\/\/www.glendronachdistillery.com\/de-de\/wp-json\/wp\/v2\/media\/837"}],"wp:attachment":[{"href":"https:\/\/www.glendronachdistillery.com\/de-de\/wp-json\/wp\/v2\/media?parent=347"}],"curies":[{"name":"wp","href":"https:\/\/api.w.org\/{rel}","templated":true}]}}