{"id":534,"date":"2024-07-15T13:49:48","date_gmt":"2024-07-15T13:49:48","guid":{"rendered":"https:\/\/www.glendronachdistillery.com\/?post_type=product&#038;p=534"},"modified":"2024-11-04T12:50:04","modified_gmt":"2024-11-04T12:50:04","slug":"batch-12-grandeur","status":"publish","type":"product","link":"https:\/\/www.glendronachdistillery.com\/de-de\/product\/batch-12-grandeur\/","title":{"rendered":"Batch 12 Grandeur"},"content":{"rendered":"\n<section class=\"wp-block-cover alignfull is-light pattern product-hero is-style-default\" style=\"margin-top:0;margin-bottom:0\"><span aria-hidden=\"true\" class=\"wp-block-cover__background has-beige-background-color has-background-dim-100 has-background-dim\"><\/span><div class=\"wp-block-cover__inner-container has-global-padding is-layout-constrained wp-block-cover-is-layout-constrained\">\n<div class=\"wp-block-columns alignwide is-layout-flex wp-container-core-columns-is-layout-28f84493 wp-block-columns-is-layout-flex\">\n<div class=\"wp-block-column is-vertically-aligned-center is-layout-flow wp-block-column-is-layout-flow\">\n<div class=\"wp-block-group has-global-padding is-layout-constrained wp-block-group-is-layout-constrained\">\n<h1 class=\"wp-block-heading is-style-subhead\">SPECIAL RELEASES<\/h1>\n\n\n\n<h2 class=\"wp-block-heading is-style-headline has-maroon-color has-text-color has-link-color has-xxx-large-font-size has-animation wp-elements-dff97c91ce58844729826dff81d43b86\" data-animation-duration=\"1\" data-animation-delay=\"0\" data-animation-ease=\"power2.inOut\" data-animation-x=\"0\" data-animation-y=\"100\" data-animation-x-percent=\"0\" data-animation-y-percent=\"0\" data-animation-scale=\"1\" data-animation-scale-x=\"1\" data-animation-scale-y=\"1\" data-animation-rotation=\"0\" data-animation-skew=\"0\" data-animation-skew-x=\"0\" data-animation-skew-y=\"0\" data-animation-opacity=\"0\" data-animation-auto-alpha=\"0\" data-animation-repeat=\"0\" data-animation-yoyo=\"false\" data-scroll-trigger=\"true\" data-scroll-trigger-start=\"top bottom\" data-scroll-trigger-end=\"bottom top\" data-scroll-trigger-toggle-actions=\"play none none none\" data-scroll-trigger-start-offset=\"0\"><sub>BATCH 12<\/sub> <em>GRANDEUR<\/em><\/h2>\n\n\n\n<p class=\"undefined has-animation\" data-animation-duration=\"1\" data-animation-delay=\"1\" data-animation-ease=\"power1.inOut\" data-animation-x=\"0\" data-animation-y=\"0\" data-animation-x-percent=\"0\" data-animation-y-percent=\"0\" data-animation-scale=\"1\" data-animation-scale-x=\"1\" data-animation-scale-y=\"1\" data-animation-rotation=\"0\" data-animation-skew=\"0\" data-animation-skew-x=\"0\" data-animation-skew-y=\"0\" data-animation-opacity=\"0\" data-animation-auto-alpha=\"0\" data-animation-repeat=\"0\" data-animation-yoyo=\"false\" data-scroll-trigger=\"true\" data-scroll-trigger-start=\"top bottom\" data-scroll-trigger-end=\"bottom top\" data-scroll-trigger-toggle-actions=\"play none none none\" data-scroll-trigger-start-offset=\"0\">29 Jahre gereift. Grandeur Batch 12 ist ein Markenzeichen des charakteristischen, reichhaltigen Sherry-Stils, f\u00fcr den The Glendronach bekannt ist. Er ist \u00fcber 29 Jahre alt und besteht aus einer ma\u00dfgeschneiderten Auswahl seltener Sherry-F\u00e4sser, die von der angesehenen Master Blenderin Rachel Barrie handverlesen wurden.<\/p>\n\n\n\n<p>Nach einer langsamen und tiefen Reifung in Oloroso-Sherry-F\u00e4ssern \u00fcber fast drei Jahrzehnte hinweg verk\u00f6rpert dieser seltene Ausdruck die reichsten Belohnungen, die von den feinsten und exquisitesten Sherry-F\u00e4ssern aus spanischer Eiche verliehen werden.<\/p>\n\n\n\n<p>Das Engagement von Glendronach f\u00fcr die Herstellung au\u00dfergew\u00f6hnlicher Single Malts unter Verwendung altehrw\u00fcrdiger Methoden, die seit fast zwei Jahrhunderten \u00fcberliefert werden, kommt in dieser handgefertigten, limitierten Abf\u00fcllung zum Ausdruck, bei der jede einzelne Flasche mit Wachs versiegelt und von Hand nummeriert ist, um ihre Seltenheit zu unterstreichen. Jede Flasche ist einzeln von Hand nummeriert, um ihre Seltenheit zu verdeutlichen.<\/p>\n\n\n\n<p class=\"undefined has-animation\" data-animation-duration=\"1\" data-animation-delay=\"1\" data-animation-ease=\"power1.inOut\" data-animation-x=\"0\" data-animation-y=\"0\" data-animation-x-percent=\"0\" data-animation-y-percent=\"0\" data-animation-scale=\"1\" data-animation-scale-x=\"1\" data-animation-scale-y=\"1\" data-animation-rotation=\"0\" data-animation-skew=\"0\" data-animation-skew-x=\"0\" data-animation-skew-y=\"0\" data-animation-opacity=\"0\" data-animation-auto-alpha=\"0\" data-animation-repeat=\"0\" data-animation-yoyo=\"false\" data-scroll-trigger=\"true\" data-scroll-trigger-start=\"top bottom\" data-scroll-trigger-end=\"bottom top\" data-scroll-trigger-toggle-actions=\"play none none none\" data-scroll-trigger-start-offset=\"0\">Der Glendronach Grandeur Batch 12 wird mit 49,2 % vol. abgef\u00fcllt und entwickelt seine tiefe Farbe auf nat\u00fcrliche Weise im Laufe der Zeit durch die spanische Eiche, in der er gelagert wird.<\/p>\n\n\n\n<p class=\"undefined has-animation\" data-animation-duration=\"1\" data-animation-delay=\"1\" data-animation-ease=\"power1.inOut\" data-animation-x=\"0\" data-animation-y=\"0\" data-animation-x-percent=\"0\" data-animation-y-percent=\"0\" data-animation-scale=\"1\" data-animation-scale-x=\"1\" data-animation-scale-y=\"1\" data-animation-rotation=\"0\" data-animation-skew=\"0\" data-animation-skew-x=\"0\" data-animation-skew-y=\"0\" data-animation-opacity=\"0\" data-animation-auto-alpha=\"0\" data-animation-repeat=\"0\" data-animation-yoyo=\"false\" data-scroll-trigger=\"true\" data-scroll-trigger-start=\"top bottom\" data-scroll-trigger-end=\"bottom top\" data-scroll-trigger-toggle-actions=\"play none none none\" data-scroll-trigger-start-offset=\"0\"><\/p>\n<\/div>\n\n\n\n<div class=\"wp-block-buttons is-layout-flex wp-block-buttons-is-layout-flex\">\n<div class=\"wp-block-button\"><a class=\"wp-block-button__link wp-element-button\">Klicken Sie hier um mehr zu lesen<\/a><\/div>\n<\/div>\n<\/div>\n\n\n\n<div class=\"wp-block-column is-vertically-aligned-center is-layout-flow wp-block-column-is-layout-flow\">\n<figure class=\"wp-block-image aligncenter size-full is-resized has-animation\" data-animation-duration=\"2\" data-animation-delay=\"0\" data-animation-ease=\"power2.inOut\" data-animation-x=\"-100\" data-animation-y=\"0\" data-animation-x-percent=\"0\" data-animation-y-percent=\"0\" data-animation-scale=\"1\" data-animation-scale-x=\"1\" data-animation-scale-y=\"1\" data-animation-rotation=\"0\" data-animation-skew=\"0\" data-animation-skew-x=\"0\" data-animation-skew-y=\"0\" data-animation-opacity=\"0\" data-animation-auto-alpha=\"0\" data-animation-repeat=\"0\" data-animation-yoyo=\"false\" data-scroll-trigger=\"true\" data-scroll-trigger-start=\"top bottom\" data-scroll-trigger-end=\"bottom top\" data-scroll-trigger-toggle-actions=\"play none none none\" data-scroll-trigger-start-offset=\"0\"><img loading=\"lazy\" decoding=\"async\" width=\"899\" height=\"1221\" src=\"https:\/\/www.glendronachdistillery.com\/de-de\/wp-content\/uploads\/sites\/2\/2024\/07\/US-GlenDronach-Grandeur-Batch-12-700ml-Bottle-In-Front_transparent-copy-1.png\" alt=\"Glendronach Grandeur, aged 12 years\" class=\"wp-image-535\" style=\"width:300px\" srcset=\"https:\/\/www.glendronachdistillery.com\/de-de\/wp-content\/uploads\/sites\/2\/2024\/07\/US-GlenDronach-Grandeur-Batch-12-700ml-Bottle-In-Front_transparent-copy-1.png 899w, https:\/\/www.glendronachdistillery.com\/de-de\/wp-content\/uploads\/sites\/2\/2024\/07\/US-GlenDronach-Grandeur-Batch-12-700ml-Bottle-In-Front_transparent-copy-1-221x300.png 221w, https:\/\/www.glendronachdistillery.com\/de-de\/wp-content\/uploads\/sites\/2\/2024\/07\/US-GlenDronach-Grandeur-Batch-12-700ml-Bottle-In-Front_transparent-copy-1-754x1024.png 754w, https:\/\/www.glendronachdistillery.com\/de-de\/wp-content\/uploads\/sites\/2\/2024\/07\/US-GlenDronach-Grandeur-Batch-12-700ml-Bottle-In-Front_transparent-copy-1-768x1043.png 768w\" sizes=\"auto, (max-width: 899px) 100vw, 899px\" \/><\/figure>\n<\/div>\n<\/div>\n<\/div><\/section>\n\n\n\n<section class=\"wp-block-cover alignfull is-light pattern cards-1\" style=\"margin-top:0;margin-bottom:0\"><span aria-hidden=\"true\" class=\"wp-block-cover__background has-beige-background-color has-background-dim-100 has-background-dim\"><\/span><div class=\"wp-block-cover__inner-container has-global-padding is-layout-constrained wp-block-cover-is-layout-constrained\">\n<h2 class=\"wp-block-heading has-text-align-left is-style-headline has-charcoal-color has-text-color has-link-color has-xxx-large-font-size wp-elements-e76890cb582c42311934fc0e4785777d\" style=\"font-style:normal;font-weight:400\"><sub>Tasting<\/sub> <em>Notes<\/em><\/h2>\n\n\n\n<div class=\"wp-block-columns is-layout-flex wp-container-core-columns-is-layout-28f84493 wp-block-columns-is-layout-flex\">\n<div class=\"wp-block-column is-vertically-aligned-stretch has-taupe-background-color has-background has-animation is-layout-flow wp-block-column-is-layout-flow\" data-animation-duration=\"1\" data-animation-delay=\"0\" data-animation-ease=\"power2.inOut\" data-animation-x=\"0\" data-animation-y=\"100\" data-animation-x-percent=\"0\" data-animation-y-percent=\"0\" data-animation-scale=\"1\" data-animation-scale-x=\"1\" data-animation-scale-y=\"1\" data-animation-rotation=\"0\" data-animation-skew=\"0\" data-animation-skew-x=\"0\" data-animation-skew-y=\"0\" data-animation-opacity=\"0\" data-animation-auto-alpha=\"0\" data-animation-repeat=\"0\" data-animation-yoyo=\"false\" data-scroll-trigger=\"true\" data-scroll-trigger-start=\"top bottom\" data-scroll-trigger-end=\"bottom top\" data-scroll-trigger-toggle-actions=\"play none none none\" data-scroll-trigger-start-offset=\"0\">\n<h3 class=\"wp-block-heading has-text-align-center has-charcoal-color has-text-color has-link-color has-secondary-font-family has-large-font-size wp-elements-41de41da1b149ffa9b56e9a3b2b93907\">Farbe<\/h3>\n\n\n\n<p class=\"has-text-align-center\">Dunkles Magahoni.<\/p>\n<\/div>\n\n\n\n<div class=\"wp-block-column is-vertically-aligned-stretch has-taupe-background-color has-background has-animation is-layout-flow wp-block-column-is-layout-flow\" data-animation-duration=\"1\" data-animation-delay=\"0\" data-animation-ease=\"power2.inOut\" data-animation-x=\"0\" data-animation-y=\"100\" data-animation-x-percent=\"0\" data-animation-y-percent=\"0\" data-animation-scale=\"1\" data-animation-scale-x=\"1\" data-animation-scale-y=\"1\" data-animation-rotation=\"0\" data-animation-skew=\"0\" data-animation-skew-x=\"0\" data-animation-skew-y=\"0\" data-animation-opacity=\"0\" data-animation-auto-alpha=\"0\" data-animation-repeat=\"0\" data-animation-yoyo=\"false\" data-scroll-trigger=\"true\" data-scroll-trigger-start=\"top bottom\" data-scroll-trigger-end=\"bottom top\" data-scroll-trigger-toggle-actions=\"play none none none\" data-scroll-trigger-start-offset=\"0\">\n<h3 class=\"wp-block-heading has-text-align-center has-charcoal-color has-text-color has-link-color has-secondary-font-family has-large-font-size wp-elements-4f03ccf4db0aab0e6b243c94bc2de0e8\">aroma<\/h3>\n\n\n\n<p class=\"has-text-align-center\">Eine satte und pr\u00e4chtige Ouvert\u00fcre aus Sherry-Aromen geht nahtlos in verf\u00fchrerischen Kakao, Zwetschge und glasierte Kirsche \u00fcber. Gew\u00fcrzte Brombeeren und saftige Datteln verschmelzen harmonisch mit Walnuss und feinem Arabica-Kaffee.<\/p>\n<\/div>\n\n\n\n<div class=\"wp-block-column is-vertically-aligned-stretch has-taupe-background-color has-background has-animation is-layout-flow wp-block-column-is-layout-flow\" data-animation-duration=\"1\" data-animation-delay=\"0\" data-animation-ease=\"power2.inOut\" data-animation-x=\"0\" data-animation-y=\"100\" data-animation-x-percent=\"0\" data-animation-y-percent=\"0\" data-animation-scale=\"1\" data-animation-scale-x=\"1\" data-animation-scale-y=\"1\" data-animation-rotation=\"0\" data-animation-skew=\"0\" data-animation-skew-x=\"0\" data-animation-skew-y=\"0\" data-animation-opacity=\"0\" data-animation-auto-alpha=\"0\" data-animation-repeat=\"0\" data-animation-yoyo=\"false\" data-scroll-trigger=\"true\" data-scroll-trigger-start=\"top bottom\" data-scroll-trigger-end=\"bottom top\" data-scroll-trigger-toggle-actions=\"play none none none\" data-scroll-trigger-start-offset=\"0\">\n<h3 class=\"wp-block-heading has-text-align-center has-charcoal-color has-text-color has-link-color has-secondary-font-family has-large-font-size wp-elements-1c4981c458bc5cf31eb81bfd37a88017\">Gaumen<\/h3>\n\n\n\n<p class=\"has-text-align-center\">Eine luxuri\u00f6se Sinfonie aus Rosinen und dunklen Pflaumen, umh\u00fcllt von Kakao und Sirup. Kirschbrand und Espresso m\u00fcnden in einem triumphalen gro\u00dfen Finale.<\/p>\n<\/div>\n<\/div>\n<\/div><\/section>\n\n\n\n<section class=\"wp-block-cover alignfull is-light pattern media\" style=\"margin-top:0;margin-bottom:0;padding-top:var(--wp--preset--spacing--60);padding-right:var(--wp--preset--spacing--50);padding-bottom:var(--wp--preset--spacing--60);padding-left:var(--wp--preset--spacing--50)\"><span aria-hidden=\"true\" class=\"wp-block-cover__background has-white-background-color has-background-dim\"><\/span><img loading=\"lazy\" decoding=\"async\" width=\"1920\" height=\"1020\" class=\"wp-block-cover__image-background wp-image-1238\" alt=\"An image of a creme paper texture\" src=\"https:\/\/www.glendronachdistillery.com\/de-de\/wp-content\/uploads\/sites\/2\/2024\/07\/GD-Resized-Image-3-1.jpg\" data-object-fit=\"cover\" srcset=\"https:\/\/www.glendronachdistillery.com\/de-de\/wp-content\/uploads\/sites\/2\/2024\/07\/GD-Resized-Image-3-1.jpg 1920w, https:\/\/www.glendronachdistillery.com\/de-de\/wp-content\/uploads\/sites\/2\/2024\/07\/GD-Resized-Image-3-1-300x159.jpg 300w, https:\/\/www.glendronachdistillery.com\/de-de\/wp-content\/uploads\/sites\/2\/2024\/07\/GD-Resized-Image-3-1-1024x544.jpg 1024w, https:\/\/www.glendronachdistillery.com\/de-de\/wp-content\/uploads\/sites\/2\/2024\/07\/GD-Resized-Image-3-1-768x408.jpg 768w, https:\/\/www.glendronachdistillery.com\/de-de\/wp-content\/uploads\/sites\/2\/2024\/07\/GD-Resized-Image-3-1-1536x816.jpg 1536w\" sizes=\"auto, (max-width: 1920px) 100vw, 1920px\" \/><div class=\"wp-block-cover__inner-container has-global-padding is-layout-constrained wp-container-core-cover-is-layout-e09b13b3 wp-block-cover-is-layout-constrained\">\n<div class=\"wp-block-columns is-layout-flex wp-container-core-columns-is-layout-28f84493 wp-block-columns-is-layout-flex\">\n<div class=\"wp-block-column is-layout-flow wp-block-column-is-layout-flow\">\n<figure class=\"wp-block-image aligncenter size-large has-animation\" data-animation-duration=\"2\" data-animation-delay=\"0\" data-animation-ease=\"power1.inOut\" data-animation-x=\"0\" data-animation-y=\"0\" data-animation-x-percent=\"0\" data-animation-y-percent=\"0\" data-animation-scale=\"1\" data-animation-scale-x=\"1\" data-animation-scale-y=\"1\" data-animation-rotation=\"0\" data-animation-skew=\"0\" data-animation-skew-x=\"0\" data-animation-skew-y=\"0\" data-animation-opacity=\"0\" data-animation-auto-alpha=\"0\" data-animation-repeat=\"0\" data-animation-yoyo=\"false\" data-scroll-trigger=\"true\" data-scroll-trigger-start=\"top bottom\" data-scroll-trigger-end=\"bottom top\" data-scroll-trigger-toggle-actions=\"play none none none\" data-scroll-trigger-start-offset=\"0\"><img loading=\"lazy\" decoding=\"async\" width=\"1024\" height=\"668\" src=\"https:\/\/www.glendronachdistillery.com\/de-de\/wp-content\/uploads\/sites\/2\/2024\/07\/104_GBL_FY24_GD_Grandeur-Hero-Landscape_Photo_12997\u200a\u00d7\u200a6673_WF1048656-copy-1-1024x668.png\" alt=\"\" class=\"wp-image-536\" srcset=\"https:\/\/www.glendronachdistillery.com\/de-de\/wp-content\/uploads\/sites\/2\/2024\/07\/104_GBL_FY24_GD_Grandeur-Hero-Landscape_Photo_12997\u200a\u00d7\u200a6673_WF1048656-copy-1-1024x668.png 1024w, https:\/\/www.glendronachdistillery.com\/de-de\/wp-content\/uploads\/sites\/2\/2024\/07\/104_GBL_FY24_GD_Grandeur-Hero-Landscape_Photo_12997\u200a\u00d7\u200a6673_WF1048656-copy-1-300x196.png 300w, https:\/\/www.glendronachdistillery.com\/de-de\/wp-content\/uploads\/sites\/2\/2024\/07\/104_GBL_FY24_GD_Grandeur-Hero-Landscape_Photo_12997\u200a\u00d7\u200a6673_WF1048656-copy-1-768x501.png 768w, https:\/\/www.glendronachdistillery.com\/de-de\/wp-content\/uploads\/sites\/2\/2024\/07\/104_GBL_FY24_GD_Grandeur-Hero-Landscape_Photo_12997\u200a\u00d7\u200a6673_WF1048656-copy-1.png 1160w\" sizes=\"auto, (max-width: 1024px) 100vw, 1024px\" \/><\/figure>\n<\/div>\n<\/div>\n<\/div><\/section>\n\n\n\n<section class=\"wp-block-cover alignfull is-light pattern collections\" style=\"margin-top:0;margin-bottom:0\"><span aria-hidden=\"true\" class=\"wp-block-cover__background has-beige-background-color has-background-dim-100 has-background-dim\"><\/span><div class=\"wp-block-cover__inner-container has-global-padding is-layout-constrained wp-container-core-cover-is-layout-f4a42baa wp-block-cover-is-layout-constrained\">\n<div class=\"wp-block-columns is-layout-flex wp-container-core-columns-is-layout-28f84493 wp-block-columns-is-layout-flex\">\n<div class=\"wp-block-column has-global-padding is-layout-constrained wp-container-core-column-is-layout-648b1458 wp-block-column-is-layout-constrained\">\n<h2 class=\"wp-block-heading has-text-align-center is-style-subhead has-charcoal-color has-text-color has-link-color wp-elements-74e895e76bf98fee6cabb1ae7fe649a8\">Unsere Sammlung<\/h2>\n\n\n\n<h3 class=\"wp-block-heading has-text-align-center is-style-headline has-maroon-color has-text-color has-link-color has-huge-font-size wp-elements-3566d19f6b5f0ffbd0bf16e34f25e9e8\"><sub>Special<\/sub><em>Releases<\/em><\/h3>\n\n\n\n<p class=\"has-text-align-center\">Master Blender Rachel Barrie w\u00e4hlte diese Kompositionen aufgrund ihres beeindruckenden Flairs von Hand aus. Jede der limitierten Editionen steht in der 200-j\u00e4hrigen Tradition von The Glendronach, die Standards f\u00fcr schottischen Whisky zu \u00fcbertreffen.<\/p>\n\n\n\n<figure class=\"wp-block-image size-full\"><img decoding=\"async\" src=\"https:\/\/www.glendronachdistillery.com\/de-de\/wp-content\/themes\/glendronach\/patterns\/images\/a-2.png\" alt=\"\" class=\"wp-image-137\"><\/figure>\n<\/div>\n<\/div>\n\n\n\n<div class=\"wp-block-columns is-layout-flex wp-container-core-columns-is-layout-28f84493 wp-block-columns-is-layout-flex\">\n<div class=\"wp-block-column is-layout-flow wp-block-column-is-layout-flow\">\n<div id=\"collections-block_c085ac98c0ab55efe67b3297454f4b58\" class=\"block collections\">\n\n      <div class=\"glide\">\n    <div class=\"glide__arrows\" data-glide-el=\"controls\">\n      <button class=\"glide__arrow glide__arrow--left\" data-glide-dir=\"&lt;\"><span\n          class=\"visually-hidden\">Previous<\/span><\/button>\n      <button class=\"glide__arrow glide__arrow--right\" data-glide-dir=\"&gt;\"><span\n          class=\"visually-hidden\">Next<\/span><\/button>\n    <\/div>\n    <div class=\"glide__track\" data-glide-el=\"track\">\n      <div class=\"glide__slides\">\n                <div class=\"glide__slide\">\n          <figure>\n                                    <img decoding=\"async\" src=\"https:\/\/www.glendronachdistillery.com\/de-de\/wp-content\/uploads\/sites\/2\/2024\/07\/US-GlenDronach-Grandeur-Batch-12-700ml-Bottle-In-Front_transparent-copy-1.png\"\n              alt=\"Picture of Batch 12 Grandeur\">\n                      <\/figure>\n          <div class=\"content\">\n            <h4 class=\"title wp-block-heading has-maroon-color has-x-large-font-size\">\n              Batch 12 Grandeur            <\/h4>\n            <div\n              class=\"wp-block-buttons is-content-justification-center is-layout-flex wp-block-buttons-is-layout-flex\">\n              <div class=\"wp-block-button is-style-primary\">\n                <a class=\"wp-block-button__link has-charcoal-color has-text-color has-link-color wp-element-button\"\n                  href=\"https:\/\/www.glendronachdistillery.com\/de-de\/product\/batch-12-grandeur\/\">Explore<\/a>\n              <\/div>\n            <\/div>\n          <\/div>\n        <\/div>\n                <div class=\"glide__slide\">\n          <figure>\n                                    <img decoding=\"async\" src=\"https:\/\/www.glendronachdistillery.com\/de-de\/wp-content\/uploads\/sites\/2\/2024\/07\/The-GlenDronach-50YO-Product-Group-shot-Cut-to-white-web-380x375-1-copy-1.png\"\n              alt=\"Picture of Gereift 50 Jahre\">\n                      <\/figure>\n          <div class=\"content\">\n            <h4 class=\"title wp-block-heading has-maroon-color has-x-large-font-size\">\n              Gereift 50 Jahre            <\/h4>\n            <div\n              class=\"wp-block-buttons is-content-justification-center is-layout-flex wp-block-buttons-is-layout-flex\">\n              <div class=\"wp-block-button is-style-primary\">\n                <a class=\"wp-block-button__link has-charcoal-color has-text-color has-link-color wp-element-button\"\n                  href=\"https:\/\/www.glendronachdistillery.com\/de-de\/product\/aged-50-years\/\">Explore<\/a>\n              <\/div>\n            <\/div>\n          <\/div>\n        <\/div>\n              <\/div>\n    <\/div>\n  <\/div>\n    \n<\/div><\/div>\n<\/div>\n<\/div><\/section>\n","protected":false},"excerpt":{"rendered":"","protected":false},"featured_media":535,"template":"","meta":{"_acf_changed":false},"class_list":["post-534","product","type-product","status-publish","has-post-thumbnail","hentry"],"acf":[],"_links":{"self":[{"href":"https:\/\/www.glendronachdistillery.com\/de-de\/wp-json\/wp\/v2\/product\/534","targetHints":{"allow":["GET"]}}],"collection":[{"href":"https:\/\/www.glendronachdistillery.com\/de-de\/wp-json\/wp\/v2\/product"}],"about":[{"href":"https:\/\/www.glendronachdistillery.com\/de-de\/wp-json\/wp\/v2\/types\/product"}],"wp:featuredmedia":[{"embeddable":true,"href":"https:\/\/www.glendronachdistillery.com\/de-de\/wp-json\/wp\/v2\/media\/535"}],"wp:attachment":[{"href":"https:\/\/www.glendronachdistillery.com\/de-de\/wp-json\/wp\/v2\/media?parent=534"}],"curies":[{"name":"wp","href":"https:\/\/api.w.org\/{rel}","templated":true}]}}