{"id":564,"date":"2024-07-15T14:24:52","date_gmt":"2024-07-15T14:24:52","guid":{"rendered":"https:\/\/www.glendronachdistillery.com\/?post_type=product&#038;p=564"},"modified":"2024-11-04T13:17:05","modified_gmt":"2024-11-04T13:17:05","slug":"grandeur-aged-31-years","status":"publish","type":"product","link":"https:\/\/www.glendronachdistillery.com\/de-de\/product\/grandeur-aged-31-years\/","title":{"rendered":"Grandeur Gereift 31 Jahre"},"content":{"rendered":"\n<section class=\"wp-block-cover alignfull is-light pattern product-hero is-style-default\" style=\"margin-top:0;margin-bottom:0\"><span aria-hidden=\"true\" class=\"wp-block-cover__background has-beige-background-color has-background-dim-100 has-background-dim\"><\/span><div class=\"wp-block-cover__inner-container has-global-padding is-layout-constrained wp-block-cover-is-layout-constrained\">\n<div class=\"wp-block-columns alignwide is-layout-flex wp-container-core-columns-is-layout-28f84493 wp-block-columns-is-layout-flex\">\n<div class=\"wp-block-column is-vertically-aligned-center is-layout-flow wp-block-column-is-layout-flow\">\n<h1 class=\"wp-block-heading is-style-subhead\">special releases<\/h1>\n\n\n\n<h2 class=\"wp-block-heading is-style-headline has-maroon-color has-text-color has-link-color has-xxx-large-font-size has-animation wp-elements-0f10db3962f1260f7084abf4588eda88\" data-animation-duration=\"1\" data-animation-delay=\"0\" data-animation-ease=\"power2.inOut\" data-animation-x=\"0\" data-animation-y=\"100\" data-animation-x-percent=\"0\" data-animation-y-percent=\"0\" data-animation-scale=\"1\" data-animation-scale-x=\"1\" data-animation-scale-y=\"1\" data-animation-rotation=\"0\" data-animation-skew=\"0\" data-animation-skew-x=\"0\" data-animation-skew-y=\"0\" data-animation-opacity=\"0\" data-animation-auto-alpha=\"0\" data-animation-repeat=\"0\" data-animation-yoyo=\"false\" data-scroll-trigger=\"true\" data-scroll-trigger-start=\"top bottom\" data-scroll-trigger-end=\"bottom top\" data-scroll-trigger-toggle-actions=\"play none none none\" data-scroll-trigger-start-offset=\"0\"><sub>GRANDEUR gereift<\/sub> <em>31 Jahre<\/em><\/h2>\n\n\n\n<p class=\"has-text-align-left has-animation\" data-animation-duration=\"1\" data-animation-delay=\"1\" data-animation-ease=\"power1.inOut\" data-animation-x=\"0\" data-animation-y=\"0\" data-animation-x-percent=\"0\" data-animation-y-percent=\"0\" data-animation-scale=\"1\" data-animation-scale-x=\"1\" data-animation-scale-y=\"1\" data-animation-rotation=\"0\" data-animation-skew=\"0\" data-animation-skew-x=\"0\" data-animation-skew-y=\"0\" data-animation-opacity=\"0\" data-animation-auto-alpha=\"0\" data-animation-repeat=\"0\" data-animation-yoyo=\"false\" data-scroll-trigger=\"true\" data-scroll-trigger-start=\"top bottom\" data-scroll-trigger-end=\"bottom top\" data-scroll-trigger-toggle-actions=\"play none none none\" data-scroll-trigger-start-offset=\"0\">Der als Grandeur abgef\u00fcllte Whisky wurde von unserem Master Distiller speziell aus einigen der \u00e4ltesten und einzigartigsten Oloroso-F\u00e4sser von The Glendronach ausgew\u00e4hlt. Dieser hervorragende Ausdruck, ein einunddrei\u00dfig Jahre alter Whisky mit 45,8 % Fassst\u00e4rke, ist eine klassische Darstellung des weichen, komplexen und vollmundigen Stils, f\u00fcr den die Glendronach Distillery ber\u00fchmt ist. Individuell von Hand nummeriert, ist jede Flasche ein Unikat und wirklich einzigartig.<\/p>\n\n\n\n<p class=\"has-large-font-size\" style=\"text-transform:uppercase\"><\/p>\n<\/div>\n\n\n\n<div class=\"wp-block-column is-vertically-aligned-center is-layout-flow wp-block-column-is-layout-flow\">\n<figure class=\"wp-block-image aligncenter size-full is-resized has-animation\" data-animation-duration=\"2\" data-animation-delay=\"0\" data-animation-ease=\"power2.inOut\" data-animation-x=\"-100\" data-animation-y=\"0\" data-animation-x-percent=\"0\" data-animation-y-percent=\"0\" data-animation-scale=\"1\" data-animation-scale-x=\"1\" data-animation-scale-y=\"1\" data-animation-rotation=\"0\" data-animation-skew=\"0\" data-animation-skew-x=\"0\" data-animation-skew-y=\"0\" data-animation-opacity=\"0\" data-animation-auto-alpha=\"0\" data-animation-repeat=\"0\" data-animation-yoyo=\"false\" data-scroll-trigger=\"true\" data-scroll-trigger-start=\"top bottom\" data-scroll-trigger-end=\"bottom top\" data-scroll-trigger-toggle-actions=\"play none none none\" data-scroll-trigger-start-offset=\"0\"><img loading=\"lazy\" decoding=\"async\" width=\"974\" height=\"1274\" src=\"https:\/\/www.glendronachdistillery.com\/de-de\/wp-content\/uploads\/sites\/2\/2024\/07\/GlenDronach-31-year-01-287x375-1-copy-1.png\" alt=\"Glendronach Grandeur, aged 31 years\" class=\"wp-image-565\" style=\"width:300px\" srcset=\"https:\/\/www.glendronachdistillery.com\/de-de\/wp-content\/uploads\/sites\/2\/2024\/07\/GlenDronach-31-year-01-287x375-1-copy-1.png 974w, https:\/\/www.glendronachdistillery.com\/de-de\/wp-content\/uploads\/sites\/2\/2024\/07\/GlenDronach-31-year-01-287x375-1-copy-1-229x300.png 229w, https:\/\/www.glendronachdistillery.com\/de-de\/wp-content\/uploads\/sites\/2\/2024\/07\/GlenDronach-31-year-01-287x375-1-copy-1-783x1024.png 783w, https:\/\/www.glendronachdistillery.com\/de-de\/wp-content\/uploads\/sites\/2\/2024\/07\/GlenDronach-31-year-01-287x375-1-copy-1-768x1005.png 768w\" sizes=\"auto, (max-width: 974px) 100vw, 974px\" \/><\/figure>\n<\/div>\n<\/div>\n<\/div><\/section>\n\n\n\n<section class=\"wp-block-cover alignfull is-light pattern cards-1\" style=\"margin-top:0;margin-bottom:0\"><span aria-hidden=\"true\" class=\"wp-block-cover__background has-beige-background-color has-background-dim-100 has-background-dim\"><\/span><div class=\"wp-block-cover__inner-container has-global-padding is-layout-constrained wp-block-cover-is-layout-constrained\">\n<h2 class=\"wp-block-heading has-text-align-left is-style-headline has-charcoal-color has-text-color has-link-color has-xxx-large-font-size wp-elements-e76890cb582c42311934fc0e4785777d\" style=\"font-style:normal;font-weight:400\"><sub>Tasting<\/sub> <em>Notes<\/em><\/h2>\n\n\n\n<div class=\"wp-block-columns is-layout-flex wp-container-core-columns-is-layout-28f84493 wp-block-columns-is-layout-flex\">\n<div class=\"wp-block-column is-vertically-aligned-stretch has-taupe-background-color has-background has-animation is-layout-flow wp-block-column-is-layout-flow\" data-animation-duration=\"1\" data-animation-delay=\"0\" data-animation-ease=\"power2.inOut\" data-animation-x=\"0\" data-animation-y=\"100\" data-animation-x-percent=\"0\" data-animation-y-percent=\"0\" data-animation-scale=\"1\" data-animation-scale-x=\"1\" data-animation-scale-y=\"1\" data-animation-rotation=\"0\" data-animation-skew=\"0\" data-animation-skew-x=\"0\" data-animation-skew-y=\"0\" data-animation-opacity=\"0\" data-animation-auto-alpha=\"0\" data-animation-repeat=\"0\" data-animation-yoyo=\"false\" data-scroll-trigger=\"true\" data-scroll-trigger-start=\"top bottom\" data-scroll-trigger-end=\"bottom top\" data-scroll-trigger-toggle-actions=\"play none none none\" data-scroll-trigger-start-offset=\"0\">\n<h3 class=\"wp-block-heading has-text-align-center has-charcoal-color has-text-color has-link-color has-secondary-font-family has-large-font-size wp-elements-41de41da1b149ffa9b56e9a3b2b93907\">Farbe<\/h3>\n\n\n\n<p class=\"has-text-align-center\">Dunkles Mahagoni.<\/p>\n<\/div>\n\n\n\n<div class=\"wp-block-column is-vertically-aligned-stretch has-taupe-background-color has-background has-animation is-layout-flow wp-block-column-is-layout-flow\" data-animation-duration=\"1\" data-animation-delay=\"0\" data-animation-ease=\"power2.inOut\" data-animation-x=\"0\" data-animation-y=\"100\" data-animation-x-percent=\"0\" data-animation-y-percent=\"0\" data-animation-scale=\"1\" data-animation-scale-x=\"1\" data-animation-scale-y=\"1\" data-animation-rotation=\"0\" data-animation-skew=\"0\" data-animation-skew-x=\"0\" data-animation-skew-y=\"0\" data-animation-opacity=\"0\" data-animation-auto-alpha=\"0\" data-animation-repeat=\"0\" data-animation-yoyo=\"false\" data-scroll-trigger=\"true\" data-scroll-trigger-start=\"top bottom\" data-scroll-trigger-end=\"bottom top\" data-scroll-trigger-toggle-actions=\"play none none none\" data-scroll-trigger-start-offset=\"0\">\n<h3 class=\"wp-block-heading has-text-align-center has-charcoal-color has-text-color has-link-color has-secondary-font-family has-large-font-size wp-elements-4f03ccf4db0aab0e6b243c94bc2de0e8\">aroma<\/h3>\n\n\n\n<p class=\"has-text-align-center\">Eine enorme Konzentration von Fr\u00fcchten, N\u00fcssen und Beeren, umh\u00fcllt von einer Kaffee- und Mokkaglasur. Subtile s\u00fc\u00dfe Sherrynoten interagieren wunderbar mit Aromen von Datteln.<\/p>\n<\/div>\n\n\n\n<div class=\"wp-block-column is-vertically-aligned-stretch has-taupe-background-color has-background has-animation is-layout-flow wp-block-column-is-layout-flow\" data-animation-duration=\"1\" data-animation-delay=\"0\" data-animation-ease=\"power2.inOut\" data-animation-x=\"0\" data-animation-y=\"100\" data-animation-x-percent=\"0\" data-animation-y-percent=\"0\" data-animation-scale=\"1\" data-animation-scale-x=\"1\" data-animation-scale-y=\"1\" data-animation-rotation=\"0\" data-animation-skew=\"0\" data-animation-skew-x=\"0\" data-animation-skew-y=\"0\" data-animation-opacity=\"0\" data-animation-auto-alpha=\"0\" data-animation-repeat=\"0\" data-animation-yoyo=\"false\" data-scroll-trigger=\"true\" data-scroll-trigger-start=\"top bottom\" data-scroll-trigger-end=\"bottom top\" data-scroll-trigger-toggle-actions=\"play none none none\" data-scroll-trigger-start-offset=\"0\">\n<h3 class=\"wp-block-heading has-text-align-center has-charcoal-color has-text-color has-link-color has-secondary-font-family has-large-font-size wp-elements-1c4981c458bc5cf31eb81bfd37a88017\">Gaumen<\/h3>\n\n\n\n<p class=\"has-text-align-center\">Sehr gro\u00dfe und kr\u00e4ftige Aromen zieren jeden Bissen, jedoch mit perfekter Ausgewogenheit und Raffinesse. Die anf\u00e4nglichen gew\u00fcrzten Orangenaromen und der reiche alte Oloroso-Sherry treffen im mittleren Gaumen auf ger\u00f6stete Mandeln, Kaffee und Sirup. Die trockenen, konzentrierten Aromen der Mandeln und des Oloroso-Sherry werden in perfekter Harmonie mit Sultaninen, Schokolade und Honig ausgeglichen.<\/p>\n<\/div>\n<\/div>\n<\/div><\/section>\n\n\n\n<section class=\"wp-block-cover alignfull is-light pattern collections\" style=\"margin-top:0;margin-bottom:0\"><span aria-hidden=\"true\" class=\"wp-block-cover__background has-beige-background-color has-background-dim-100 has-background-dim\"><\/span><div class=\"wp-block-cover__inner-container has-global-padding is-layout-constrained wp-container-core-cover-is-layout-f4a42baa wp-block-cover-is-layout-constrained\">\n<div class=\"wp-block-columns is-layout-flex wp-container-core-columns-is-layout-28f84493 wp-block-columns-is-layout-flex\">\n<div class=\"wp-block-column has-global-padding is-layout-constrained wp-container-core-column-is-layout-648b1458 wp-block-column-is-layout-constrained\">\n<h2 class=\"wp-block-heading has-text-align-center is-style-subhead has-charcoal-color has-text-color has-link-color wp-elements-74e895e76bf98fee6cabb1ae7fe649a8\">Unsere Sammlung<\/h2>\n\n\n\n<h3 class=\"wp-block-heading has-text-align-center is-style-headline has-maroon-color has-text-color has-link-color has-huge-font-size wp-elements-3566d19f6b5f0ffbd0bf16e34f25e9e8\"><sub>Special<\/sub><em>Releases<\/em><\/h3>\n\n\n\n<p class=\"has-text-align-center\">Master Blender Rachel Barrie w\u00e4hlte diese Kompositionen aufgrund ihres beeindruckenden Flairs von Hand aus. Jede der limitierten Editionen steht in der 200-j\u00e4hrigen Tradition von The Glendronach, die Standards f\u00fcr schottischen Whisky zu \u00fcbertreffen.<\/p>\n\n\n\n<figure class=\"wp-block-image size-full\"><img decoding=\"async\" src=\"https:\/\/www.glendronachdistillery.com\/de-de\/wp-content\/themes\/glendronach\/patterns\/images\/a-2.png\" alt=\"\" class=\"wp-image-137\"><\/figure>\n<\/div>\n<\/div>\n\n\n\n<div class=\"wp-block-columns is-layout-flex wp-container-core-columns-is-layout-28f84493 wp-block-columns-is-layout-flex\">\n<div class=\"wp-block-column is-layout-flow wp-block-column-is-layout-flow\">\n<div id=\"collections-block_4b428068749dc53655ebcf00ebdb46f0\" class=\"block collections\">\n\n      <div class=\"glide\">\n    <div class=\"glide__arrows\" data-glide-el=\"controls\">\n      <button class=\"glide__arrow glide__arrow--left\" data-glide-dir=\"&lt;\"><span\n          class=\"visually-hidden\">Previous<\/span><\/button>\n      <button class=\"glide__arrow glide__arrow--right\" data-glide-dir=\"&gt;\"><span\n          class=\"visually-hidden\">Next<\/span><\/button>\n    <\/div>\n    <div class=\"glide__track\" data-glide-el=\"track\">\n      <div class=\"glide__slides\">\n                <div class=\"glide__slide\">\n          <figure>\n                                    <img decoding=\"async\" src=\"https:\/\/www.glendronachdistillery.com\/de-de\/wp-content\/uploads\/sites\/2\/2024\/07\/US-GlenDronach-Grandeur-Batch-12-700ml-Bottle-In-Front_transparent-copy-1.png\"\n              alt=\"Picture of Batch 12 Grandeur\">\n                      <\/figure>\n          <div class=\"content\">\n            <h4 class=\"title wp-block-heading has-maroon-color has-x-large-font-size\">\n              Batch 12 Grandeur            <\/h4>\n            <div\n              class=\"wp-block-buttons is-content-justification-center is-layout-flex wp-block-buttons-is-layout-flex\">\n              <div class=\"wp-block-button is-style-primary\">\n                <a class=\"wp-block-button__link has-charcoal-color has-text-color has-link-color wp-element-button\"\n                  href=\"https:\/\/www.glendronachdistillery.com\/de-de\/product\/batch-12-grandeur\/\">Explore<\/a>\n              <\/div>\n            <\/div>\n          <\/div>\n        <\/div>\n                <div class=\"glide__slide\">\n          <figure>\n                                    <img decoding=\"async\" src=\"https:\/\/www.glendronachdistillery.com\/de-de\/wp-content\/uploads\/sites\/2\/2024\/07\/The-GlenDronach-50YO-Product-Group-shot-Cut-to-white-web-380x375-1-copy-1.png\"\n              alt=\"Picture of Gereift 50 Jahre\">\n                      <\/figure>\n          <div class=\"content\">\n            <h4 class=\"title wp-block-heading has-maroon-color has-x-large-font-size\">\n              Gereift 50 Jahre            <\/h4>\n            <div\n              class=\"wp-block-buttons is-content-justification-center is-layout-flex wp-block-buttons-is-layout-flex\">\n              <div class=\"wp-block-button is-style-primary\">\n                <a class=\"wp-block-button__link has-charcoal-color has-text-color has-link-color wp-element-button\"\n                  href=\"https:\/\/www.glendronachdistillery.com\/de-de\/product\/aged-50-years\/\">Explore<\/a>\n              <\/div>\n            <\/div>\n          <\/div>\n        <\/div>\n              <\/div>\n    <\/div>\n  <\/div>\n    \n<\/div><\/div>\n<\/div>\n<\/div><\/section>\n","protected":false},"excerpt":{"rendered":"","protected":false},"featured_media":565,"template":"","meta":{"_acf_changed":false},"class_list":["post-564","product","type-product","status-publish","has-post-thumbnail","hentry"],"acf":[],"_links":{"self":[{"href":"https:\/\/www.glendronachdistillery.com\/de-de\/wp-json\/wp\/v2\/product\/564","targetHints":{"allow":["GET"]}}],"collection":[{"href":"https:\/\/www.glendronachdistillery.com\/de-de\/wp-json\/wp\/v2\/product"}],"about":[{"href":"https:\/\/www.glendronachdistillery.com\/de-de\/wp-json\/wp\/v2\/types\/product"}],"wp:featuredmedia":[{"embeddable":true,"href":"https:\/\/www.glendronachdistillery.com\/de-de\/wp-json\/wp\/v2\/media\/565"}],"wp:attachment":[{"href":"https:\/\/www.glendronachdistillery.com\/de-de\/wp-json\/wp\/v2\/media?parent=564"}],"curies":[{"name":"wp","href":"https:\/\/api.w.org\/{rel}","templated":true}]}}